{"id":19333,"date":"2024-07-01T20:12:22","date_gmt":"2024-07-01T20:12:22","guid":{"rendered":"https:\/\/chpartnersites.com\/?page_id=19333"},"modified":"2025-08-25T16:39:35","modified_gmt":"2025-08-25T16:39:35","slug":"student-resources","status":"publish","type":"page","link":"https:\/\/texpts.com\/es\/student-resources\/","title":{"rendered":"Recursos para estudiantes"},"content":{"rendered":"<h2>\n\t\tRotaciones cl\u00ednicas\n\t<\/h2>\n\t<p>Las Rotaciones Cl\u00ednicas est\u00e1n dise\u00f1adas para estudiantes de Fisioterapia y Auxiliar de Terapia F\u00edsica. Esta parte fundamental de su capacitaci\u00f3n le dar\u00e1 tiempo para aprender, perfeccionar sus habilidades y prepararlo para su carrera bajo la supervisi\u00f3n de un terapeuta autorizado.<\/p>\n<p>TexPTS y nuestras otras marcas de Confluent Health ofrecen rotaciones cl\u00ednicas en nuestros centros en m\u00e1s de 40 estados de todo el pa\u00eds. Si desea obtener m\u00e1s informaci\u00f3n sobre las rotaciones de estudiantes con TexPTS, comun\u00edquese con Hannah Rodr\u00edguez al <a href=\"mailto:hrodriguez@texpts.com\">hrodriguez@texpts.com<\/a>.<\/p>\n<p>Para obtener informaci\u00f3n sobre otras marcas de la familia Confluent Health, comun\u00edquese con <a href=\"mailto:UniversityRelations@GoConfluent.com\">Relaciones Universitarias@GoConfluent.com<\/a>.<\/p>\n\t\t\t<a href=\"#agreement\" target=\"_self\" role=\"button\" rel=\"noopener\">\n\t\t\t\t\t\t\tSolicitar un acuerdo\t\t\t\t\t\t\t\t\t\n\t\t\t\t\t<\/a>\n\t\t\t\t<img loading=\"lazy\" decoding=\"async\" src=\"https:\/\/chpartnersites.com\/wp-content\/uploads\/sites\/31\/2022\/12\/Young-Female-PT-Adjusting-Young-Womans-Shoulder-1536x1012.jpeg\" alt=\"Candid image of an attractive patient during a appointment with professional asian physiotherapist in design kinesio clinic working and massaging her neck and shoulder pain\" itemprop=\"image\" height=\"1012\" width=\"1536\" title=\"Mujer china profesional de fisioterapia dando un tratamiento a un atractivo cliente rubio en un consultorio m\u00e9dico brillante\" onerror=\"this.style.display='none'\"  \/>\n\t<h3>Nuevas oportunidades laborales y beneficios para graduados<\/h3>\n<p>\u00a1TexPTS se enorgullece de ofrecer una variedad de oportunidades y beneficios interesantes para los terapeutas reci\u00e9n graduados!<\/p>\n<ul>\n<li>Residencias Pagadas<\/li>\n<li>Plan de desarrollo profesional<\/li>\n<li>Devoluci\u00f3n del pr\u00e9stamo estudiantil<\/li>\n<li>Desarrollo de liderazgo<\/li>\n<\/ul>\n\t\t\t\t<img loading=\"lazy\" decoding=\"async\" src=\"https:\/\/chpartnersites.com\/wp-content\/uploads\/sites\/31\/2024\/07\/MicrosoftTeams-image-79-e1696257669305.jpg\" alt=\"MicrosoftTeams-image-79-e1696257669305\" itemprop=\"image\" height=\"847\" width=\"1508\" title=\"MicrosoftTeams-imagen-79-e1696257669305\" onerror=\"this.style.display='none'\"  \/>\n\t\t\t<a href=\"https:\/\/careers.goconfluent.com\/texas-physical-therapy-specialists\/jobs\" target=\"_blank\" role=\"button\" rel=\"noopener\">\n\t\t\t\t\t\t\tVer nuestras vacantes\t\t\t\t\t\t\t\t\t\n\t\t\t\t\t<\/a>\n\t\t\t\t<img loading=\"lazy\" decoding=\"async\" src=\"https:\/\/chpartnersites.com\/wp-content\/uploads\/sites\/31\/2024\/07\/000069020101_GeneralServices.jpeg\" alt=\"000069020101_GeneralServices\" itemprop=\"image\" height=\"1346\" width=\"1920\" title=\"000069020101_Servicios Generales\" onerror=\"this.style.display='none'\"  \/>\n\t<h3>Observaciones\/seguimiento de los estudiantes<\/h3>\n<p>Las experiencias de observaci\u00f3n estudiantil\/sombra est\u00e1n dise\u00f1adas para estudiantes universitarios que desean asistir a la escuela de fisioterapia para observar en el entorno cl\u00ednico. Las solicitudes de observaciones deben ser enviadas por el estudiante individualmente.<\/p>\n<h2>\n\t\t<a name=\"agreement\"><\/a>Formulario de solicitud de acuerdo de afiliaci\u00f3n\n\t<\/h2>\n\t<form method=\"POST\" action=\"https:\/\/confluenthealth.activehosted.com\/proc.php\" id=\"_form_744_\" novalidate data-styles-version=\"5\">\n  <input type=\"hidden\" name=\"u\" value=\"744\" \/>\n  <input type=\"hidden\" name=\"f\" value=\"744\" \/>\n  <input type=\"hidden\" name=\"s\" \/>\n  <input type=\"hidden\" name=\"c\" value=\"0\" \/>\n  <input type=\"hidden\" name=\"m\" value=\"0\" \/>\n  <input type=\"hidden\" name=\"act\" value=\"sub\" \/>\n  <input type=\"hidden\" name=\"v\" value=\"2\" \/>\n  <input type=\"hidden\" name=\"or\" value=\"d53ba326607e305b3797a36ab9e1e4ec\" \/>\n        \n          La solicitud de acuerdo de afiliaci\u00f3n solo debe ser presentada por profesores y personal de la universidad. Si eres un estudiante interesado en completar una rotaci\u00f3n cl\u00ednica con Confluent Health, comun\u00edcate con tu director de educaci\u00f3n cl\u00ednica.\n        \n      <label for=\"firstname\">\n        Nombre de pila*\n      <\/label>\n        <input type=\"text\" id=\"firstname\" name=\"firstname\" placeholder=\"Escribe tu primer nombre\" required>\n      <label for=\"lastname\">\n        Apellido*\n      <\/label>\n        <input type=\"text\" id=\"lastname\" name=\"lastname\" placeholder=\"Escriba su apellido\" required>\n      <label for=\"email\">\n        Correo electr\u00f3nico*\n      <\/label>\n        <input type=\"text\" id=\"email\" name=\"email\" placeholder=\"Escriba su correo electr\u00f3nico\" required>\n      <label for=\"phone\">\n        Tel\u00e9fono*\n      <\/label>\n        <input type=\"text\" id=\"phone\" name=\"phone\" placeholder=\"Escriba su n\u00famero de tel\u00e9fono\" required>\n      <label for=\"field[289]\">\n        T\u00edtulo profesional*\n      <\/label>\n        <select name=\"field[289]\" id=\"field[289]\" required>\n          <option selected>\n          <\/option>\n          <option value=\"Director of Clinical Education\">\n            Director de Educaci\u00f3n Cl\u00ednica\n          <\/option>\n          <option value=\"Program Director\">\n            Director del programa\n          <\/option>\n          <option value=\"Program Coordinator\">\n            Coordinador del programa\n          <\/option>\n        <\/select>\n      <label for=\"field[279]\">\n        Universidad\n      <\/label>\n        <input type=\"text\" id=\"field[279]\" name=\"field[279]\" value=\"\" placeholder=\"\" \/>\n      <fieldset>\n          <legend for=\"field[280][]\">\n            Programa\n          <\/legend>\n        <input data-autofill=\"false\" type=\"hidden\" id=\"field[280][]\" name=\"field[280][]\" value=\"~|\"\/>\n          <input id=\"field_280DPT\" type=\"checkbox\" name=\"field[280][]\" value=\"DPT\"\/>\n            <label for=\"field_280DPT\">\n              DPT\n            <\/label>\n          <input id=\"field_280PTA\" type=\"checkbox\" name=\"field[280][]\" value=\"PTA\"\/>\n            <label for=\"field_280PTA\">\n              PTA\n            <\/label>\n          <input id=\"field_280OT\" type=\"checkbox\" name=\"field[280][]\" value=\"OT\"\/>\n            <label for=\"field_280OT\">\n              Antiguo Testamento\n            <\/label>\n          <input id=\"field_280SLP\" type=\"checkbox\" name=\"field[280][]\" value=\"SLP\"\/>\n            <label for=\"field_280SLP\">\n              SLP\n            <\/label>\n      <\/fieldset>\n      <label for=\"ls\">\n        Por favor verifique su solicitud.*\n      <\/label>\n      <button id=\"_form_744_submit\" type=\"submit\">\n        Entregar\n      <\/button>\n<\/form>\n\t<h4>Residencias Pagadas<\/h4>\n<p>Texas Physical Therapy Specialists ofrece oportunidades de residencia en deportes y ortopedia, as\u00ed como oportunidades de becas en deportes, ortopedia y dolor. Mejore su pr\u00e1ctica con supervisi\u00f3n cl\u00ednica continua y tutor\u00eda para la pr\u00e1ctica avanzada y la investigaci\u00f3n cient\u00edfica con el fin de mejorar su pr\u00e1ctica cl\u00ednica y su toma de decisiones. Estos programas enfatizan la adquisici\u00f3n de la mejor evidencia actual para convertirlo en un especialista.<\/p>\n\t<h4>Devoluci\u00f3n del pr\u00e9stamo de matr\u00edcula<\/h4>\n<p>Texas Physical Therapy Specialists se enorgullece de ofrecer un programa de asistencia de matr\u00edcula l\u00edder en la industria como beneficio adicional para nuestros fisioterapeutas. Para los m\u00e9dicos de tiempo completo, TexPTS igualar\u00e1 50% hasta $1,300 anualmente. Los empleados que tengan m\u00e1s de dos a\u00f1os de servicio en la empresa tienen derecho a recibir $1.500 anuales.<\/p>\n\t<h4>Desarrollo de liderazgo<\/h4>\n<p>Texas Physical Therapy Specialists comprende la importancia de brindar capacitaci\u00f3n estructurada en liderazgo y apoyo continuo a nuestros l\u00edderes durante toda la vida de nuestros empleados. Organizamos un curso de liderazgo inmersivo que culmina con una experiencia en el sitio para ayudar a poner la teor\u00eda en pr\u00e1ctica. Tambi\u00e9n tendr\u00e1 la oportunidad de participar en una certificaci\u00f3n de liderazgo y gesti\u00f3n de un a\u00f1o de duraci\u00f3n para respaldar a\u00fan m\u00e1s su crecimiento.<\/p>\n\t<h4>Capacitaci\u00f3n de certificaci\u00f3n de la junta pagada<\/h4>\n<p>En TexPTS, uno de nuestros valores es que el aprendizaje nunca se detiene. Creemos que una mentalidad de crecimiento es incre\u00edblemente valiosa y queremos apoyar su camino hacia la certificaci\u00f3n de la junta y m\u00e1s all\u00e1. Nuestro enfoque intencional de desarrollo incluye oportunidades para inscribirse en programas de certificaci\u00f3n y residencia, todo mientras caminamos junto a un mentor cl\u00ednico. M\u00e1s all\u00e1 de la certificaci\u00f3n de la junta, puede optar por seguir una subespecialidad o incluso convertirse en una oportunidad de tutor\u00eda o ense\u00f1anza.<\/p>\n\t\t\t\t<img loading=\"lazy\" decoding=\"async\" src=\"https:\/\/chpartnersites.com\/wp-content\/uploads\/sites\/31\/2022\/07\/PT-reviewing-diagnostic-with-sitting-patient-2-square-right-aligned.jpg\" alt=\"PT reviewing diagnostic with sitting patient 2 square right aligned\" itemprop=\"image\" height=\"800\" width=\"800\" title=\"PT revisando el diagn\u00f3stico con el paciente sentado 2 cuadrados alineados a la derecha\" onerror=\"this.style.display='none'\"  \/>\n\t<h3>Tutor\u00eda y educaci\u00f3n<\/h3>\n<p>Aprenda de los mejores y obtenga experiencia pr\u00e1ctica con el Programa de tutor\u00eda de TexPTS. Esto es lo que puede esperar como parte del equipo:<\/p>\n<strong>Mentor\u00eda uno a uno<br \/>\n<\/strong>En sus primeros 6 meses, se reunir\u00e1 semanalmente y\/o realizar\u00e1 un tratamiento conjunto con un mentor asignado personalmente que trabajar\u00e1 codo a codo con los mejores del sector. Su mentor mantendr\u00e1 puntos de contacto regulares con usted durante su mandato en TexPTS.\n<strong>Sesiones de educaci\u00f3n continua<\/strong><br \/>\nOfrecemos numerosos cursos CEU en vivo y en l\u00ednea, junto con conferencias y talleres para cada especialidad impartidos por expertos invitados de instituciones l\u00edderes.\n<strong>Entrenamiento de especialidad<\/strong><br \/>\nNuestra gama de subespecialidades, como terapia de manos y salud p\u00e9lvica, le permite profundizar en sus \u00e1reas de inter\u00e9s espec\u00edficas.\n\t\t\t\t<img loading=\"lazy\" decoding=\"async\" src=\"https:\/\/chpartnersites.com\/wp-content\/uploads\/sites\/31\/2024\/07\/Student-NewsLetter.jpg\" alt=\"Student-NewsLetter\" itemprop=\"image\" height=\"600\" width=\"900\" title=\"Carta de noticias para estudiantes\" onerror=\"this.style.display='none'\"  \/>\n\t<h4>Bolet\u00edn estudiantil<\/h4>\n<p>Suscr\u00edbase para mantenerse informado sobre conferencias, talleres, noticias y actualizaciones cl\u00ednicas y eventos de networking en todo el valle.<\/p>\n\t\t\t\t<img loading=\"lazy\" decoding=\"async\" src=\"https:\/\/chpartnersites.com\/wp-content\/uploads\/sites\/31\/2024\/07\/FH_Student-Scholarship_Thumbnail.jpg\" alt=\"FH_Student-Scholarship_Thumbnail\" itemprop=\"image\" height=\"533\" width=\"800\" title=\"FH_Beca-Estudiante_Miniatura\" onerror=\"this.style.display='none'\"  \/>\n\t<h4>Condonaci\u00f3n de pr\u00e9stamos estudiantiles<br \/>\n(Hasta $15.000)<\/h4>\n<p>\u00a1El programa de condonaci\u00f3n de pr\u00e9stamos para estudiantes es para aspirantes a fisioterapeutas! Estamos comprometidos con la excelencia, la educaci\u00f3n y el apoyo en su viaje hacia una carrera gratificante en fisioterapia.<\/p>\n\t<h3>Serie Excel en PT: empoderar a los futuros profesionales con Confluent Health<\/h3>\n<p>La serie \u201cExcel in PT\u201d de Confluent Health es m\u00e1s que un simple seminario web: es su puerta de entrada a informaci\u00f3n valiosa y orientaci\u00f3n de profesionales experimentados y reci\u00e9n graduados a medida que transita la transici\u00f3n de estudiante a profesional en la industria de la fisioterapia.<\/p>\n\t\t\t<a href=\"https:\/\/goconfluent.com\/empowering-future-practitioners\/\" target=\"_blank\" role=\"button\" rel=\"noopener\">\n\t\t\t\t\t\t\tHaga clic aqu\u00ed para m\u00e1s informaci\u00f3n\t\t\t\t\t\t\t\t\t\n\t\t\t\t\t<\/a>\n\t\t\t\t<img loading=\"lazy\" decoding=\"async\" src=\"https:\/\/chpartnersites.com\/wp-content\/uploads\/sites\/31\/2024\/07\/CH-EXCEL-IN-PT-2024.Ver2_.png\" alt=\"CH-EXCEL-IN-PT-2024.Ver2\" itemprop=\"image\" height=\"1497\" width=\"1377\" title=\"CH-EXCEL-IN-PT-2024.Ver2\" onerror=\"this.style.display='none'\"  \/>\n<h2>\n\t\tCont\u00e1ctenos en las redes sociales\n\t<\/h2>\n\t\t<link itemprop=\"url\" href=\"https:\/\/chpartnersites.com\"\/>\n\t\t<a itemprop=\"sameAs\" href=\"https:\/\/www.linkedin.com\/company\/texas-physical-therapy-specialists\/\" target=\"_blank\" title=\"LinkedIn\" aria-label=\"LinkedIn\" role=\"button\" rel=\"noopener noreferrer external\">\n\t\t\t\t\t<\/a>\n\t\t<link itemprop=\"url\" href=\"https:\/\/chpartnersites.com\"\/>\n\t\t<a itemprop=\"sameAs\" href=\"https:\/\/www.instagram.com\/texpts\" target=\"_self\" title=\"Instagram\" aria-label=\"Instagram\" role=\"button\" rel=\"noopener\">\n\t\t\t\t\t<\/a>","protected":false},"excerpt":{"rendered":"<p>Rotaciones cl\u00ednicas Las rotaciones cl\u00ednicas est\u00e1n dise\u00f1adas para estudiantes de fisioterapia y asistentes de fisioterapia. Esta parte fundamental de su formaci\u00f3n le permitir\u00e1 tener tiempo para aprender, [\u2026]<\/p>","protected":false},"author":6,"featured_media":0,"parent":0,"menu_order":3,"comment_status":"closed","ping_status":"closed","template":"","meta":{"_acf_changed":true,"footnotes":""},"class_list":["post-19333","page","type-page","status-publish","hentry"],"acf":[],"yoast_head":"<!-- This site is optimized with the Yoast SEO plugin v26.8 - https:\/\/yoast.com\/product\/yoast-seo-wordpress\/ -->\n<title>Student Resources |Texas Physical Therapy Specialists<\/title>\n<meta name=\"description\" content=\"Texas Physical Therapy Specialists can help you pursue you Physical Therapy studies with helpful student resources for all your PT studies.\" \/>\n<meta name=\"robots\" content=\"index, follow, max-snippet:-1, max-image-preview:large, max-video-preview:-1\" \/>\n<link rel=\"canonical\" href=\"https:\/\/texpts.com\/es\/student-resources\/\" \/>\n<meta property=\"og:locale\" content=\"es_MX\" \/>\n<meta property=\"og:type\" content=\"article\" \/>\n<meta property=\"og:title\" content=\"Student Resources |Texas Physical Therapy Specialists\" \/>\n<meta property=\"og:description\" content=\"Texas Physical Therapy Specialists can help you pursue you Physical Therapy studies with helpful student resources for all your PT studies.\" \/>\n<meta property=\"og:url\" content=\"https:\/\/texpts.com\/es\/student-resources\/\" \/>\n<meta property=\"og:site_name\" content=\"Texas Physical Therapy Specialists\" \/>\n<meta property=\"article:modified_time\" content=\"2025-08-25T16:39:35+00:00\" \/>\n<meta property=\"og:image\" content=\"https:\/\/chpartnersites.com\/wp-content\/uploads\/sites\/31\/2022\/12\/Young-Female-PT-Adjusting-Young-Womans-Shoulder-1536x1012.jpeg\" \/>\n<meta name=\"twitter:card\" content=\"summary_large_image\" \/>\n<meta name=\"twitter:label1\" content=\"Tiempo de lectura\" \/>\n\t<meta name=\"twitter:data1\" content=\"5 minutos\" \/>\n<script type=\"application\/ld+json\" class=\"yoast-schema-graph\">{\"@context\":\"https:\/\/schema.org\",\"@graph\":[{\"@type\":\"WebPage\",\"@id\":\"https:\/\/texpts.com\/es\/student-resources\/\",\"url\":\"https:\/\/texpts.com\/es\/student-resources\/\",\"name\":\"Student Resources |Texas Physical Therapy Specialists\",\"isPartOf\":{\"@id\":\"https:\/\/texpts.com\/es\/#website\"},\"primaryImageOfPage\":{\"@id\":\"https:\/\/texpts.com\/es\/student-resources\/#primaryimage\"},\"image\":{\"@id\":\"https:\/\/texpts.com\/es\/student-resources\/#primaryimage\"},\"thumbnailUrl\":\"https:\/\/chpartnersites.com\/wp-content\/uploads\/sites\/31\/2022\/12\/Young-Female-PT-Adjusting-Young-Womans-Shoulder-1536x1012.jpeg\",\"datePublished\":\"2024-07-01T20:12:22+00:00\",\"dateModified\":\"2025-08-25T16:39:35+00:00\",\"description\":\"Texas Physical Therapy Specialists can help you pursue you Physical Therapy studies with helpful student resources for all your PT studies.\",\"breadcrumb\":{\"@id\":\"https:\/\/texpts.com\/es\/student-resources\/#breadcrumb\"},\"inLanguage\":\"es\",\"potentialAction\":[{\"@type\":\"ReadAction\",\"target\":[\"https:\/\/texpts.com\/es\/student-resources\/\"]}]},{\"@type\":\"ImageObject\",\"inLanguage\":\"es\",\"@id\":\"https:\/\/texpts.com\/es\/student-resources\/#primaryimage\",\"url\":\"https:\/\/chpartnersites.com\/wp-content\/uploads\/sites\/31\/2022\/12\/Young-Female-PT-Adjusting-Young-Womans-Shoulder-1536x1012.jpeg\",\"contentUrl\":\"https:\/\/chpartnersites.com\/wp-content\/uploads\/sites\/31\/2022\/12\/Young-Female-PT-Adjusting-Young-Womans-Shoulder-1536x1012.jpeg\"},{\"@type\":\"BreadcrumbList\",\"@id\":\"https:\/\/texpts.com\/es\/student-resources\/#breadcrumb\",\"itemListElement\":[{\"@type\":\"ListItem\",\"position\":1,\"name\":\"Home\",\"item\":\"https:\/\/texpts.com\/\"},{\"@type\":\"ListItem\",\"position\":2,\"name\":\"Student Resources\"}]},{\"@type\":\"WebSite\",\"@id\":\"https:\/\/texpts.com\/es\/#website\",\"url\":\"https:\/\/texpts.com\/es\/\",\"name\":\"Texas Physical Therapy Specialists\",\"description\":\"\",\"publisher\":{\"@id\":\"https:\/\/texpts.com\/es\/#organization\"},\"potentialAction\":[{\"@type\":\"SearchAction\",\"target\":{\"@type\":\"EntryPoint\",\"urlTemplate\":\"https:\/\/texpts.com\/es\/?s={search_term_string}\"},\"query-input\":{\"@type\":\"PropertyValueSpecification\",\"valueRequired\":true,\"valueName\":\"search_term_string\"}}],\"inLanguage\":\"es\"},{\"@type\":\"Organization\",\"@id\":\"https:\/\/texpts.com\/es\/#organization\",\"name\":\"Texas Physical Therapy Specialists\",\"url\":\"https:\/\/texpts.com\/es\/\",\"logo\":{\"@type\":\"ImageObject\",\"inLanguage\":\"es\",\"@id\":\"https:\/\/texpts.com\/es\/#\/schema\/logo\/image\/\",\"url\":\"https:\/\/chpartnersites.com\/wp-content\/uploads\/sites\/31\/2022\/12\/TexPTS-Horizontal-Logo-color.png\",\"contentUrl\":\"https:\/\/chpartnersites.com\/wp-content\/uploads\/sites\/31\/2022\/12\/TexPTS-Horizontal-Logo-color.png\",\"width\":720,\"height\":186,\"caption\":\"Texas Physical Therapy Specialists\"},\"image\":{\"@id\":\"https:\/\/texpts.com\/es\/#\/schema\/logo\/image\/\"}}]}<\/script>\n<!-- \/ Yoast SEO plugin. -->","yoast_head_json":{"title":"Student Resources |Texas Physical Therapy Specialists","description":"Texas Physical Therapy Specialists can help you pursue you Physical Therapy studies with helpful student resources for all your PT studies.","robots":{"index":"index","follow":"follow","max-snippet":"max-snippet:-1","max-image-preview":"max-image-preview:large","max-video-preview":"max-video-preview:-1"},"canonical":"https:\/\/texpts.com\/es\/student-resources\/","og_locale":"es_MX","og_type":"article","og_title":"Student Resources |Texas Physical Therapy Specialists","og_description":"Texas Physical Therapy Specialists can help you pursue you Physical Therapy studies with helpful student resources for all your PT studies.","og_url":"https:\/\/texpts.com\/es\/student-resources\/","og_site_name":"Texas Physical Therapy Specialists","article_modified_time":"2025-08-25T16:39:35+00:00","og_image":[{"url":"https:\/\/chpartnersites.com\/wp-content\/uploads\/sites\/31\/2022\/12\/Young-Female-PT-Adjusting-Young-Womans-Shoulder-1536x1012.jpeg","type":"","width":"","height":""}],"twitter_card":"summary_large_image","twitter_misc":{"Tiempo de lectura":"5 minutos"},"schema":{"@context":"https:\/\/schema.org","@graph":[{"@type":"WebPage","@id":"https:\/\/texpts.com\/es\/student-resources\/","url":"https:\/\/texpts.com\/es\/student-resources\/","name":"Student Resources |Texas Physical Therapy Specialists","isPartOf":{"@id":"https:\/\/texpts.com\/es\/#website"},"primaryImageOfPage":{"@id":"https:\/\/texpts.com\/es\/student-resources\/#primaryimage"},"image":{"@id":"https:\/\/texpts.com\/es\/student-resources\/#primaryimage"},"thumbnailUrl":"https:\/\/chpartnersites.com\/wp-content\/uploads\/sites\/31\/2022\/12\/Young-Female-PT-Adjusting-Young-Womans-Shoulder-1536x1012.jpeg","datePublished":"2024-07-01T20:12:22+00:00","dateModified":"2025-08-25T16:39:35+00:00","description":"Texas Physical Therapy Specialists can help you pursue you Physical Therapy studies with helpful student resources for all your PT studies.","breadcrumb":{"@id":"https:\/\/texpts.com\/es\/student-resources\/#breadcrumb"},"inLanguage":"es","potentialAction":[{"@type":"ReadAction","target":["https:\/\/texpts.com\/es\/student-resources\/"]}]},{"@type":"ImageObject","inLanguage":"es","@id":"https:\/\/texpts.com\/es\/student-resources\/#primaryimage","url":"https:\/\/chpartnersites.com\/wp-content\/uploads\/sites\/31\/2022\/12\/Young-Female-PT-Adjusting-Young-Womans-Shoulder-1536x1012.jpeg","contentUrl":"https:\/\/chpartnersites.com\/wp-content\/uploads\/sites\/31\/2022\/12\/Young-Female-PT-Adjusting-Young-Womans-Shoulder-1536x1012.jpeg"},{"@type":"BreadcrumbList","@id":"https:\/\/texpts.com\/es\/student-resources\/#breadcrumb","itemListElement":[{"@type":"ListItem","position":1,"name":"Home","item":"https:\/\/texpts.com\/"},{"@type":"ListItem","position":2,"name":"Student Resources"}]},{"@type":"WebSite","@id":"https:\/\/texpts.com\/es\/#website","url":"https:\/\/texpts.com\/es\/","name":"Especialistas en fisioterapia de Texas","description":"","publisher":{"@id":"https:\/\/texpts.com\/es\/#organization"},"potentialAction":[{"@type":"SearchAction","target":{"@type":"EntryPoint","urlTemplate":"https:\/\/texpts.com\/es\/?s={search_term_string}"},"query-input":{"@type":"PropertyValueSpecification","valueRequired":true,"valueName":"search_term_string"}}],"inLanguage":"es"},{"@type":"Organization","@id":"https:\/\/texpts.com\/es\/#organization","name":"Especialistas en fisioterapia de Texas","url":"https:\/\/texpts.com\/es\/","logo":{"@type":"ImageObject","inLanguage":"es","@id":"https:\/\/texpts.com\/es\/#\/schema\/logo\/image\/","url":"https:\/\/chpartnersites.com\/wp-content\/uploads\/sites\/31\/2022\/12\/TexPTS-Horizontal-Logo-color.png","contentUrl":"https:\/\/chpartnersites.com\/wp-content\/uploads\/sites\/31\/2022\/12\/TexPTS-Horizontal-Logo-color.png","width":720,"height":186,"caption":"Texas Physical Therapy Specialists"},"image":{"@id":"https:\/\/texpts.com\/es\/#\/schema\/logo\/image\/"}}]}},"jetpack_sharing_enabled":true,"_links":{"self":[{"href":"https:\/\/texpts.com\/es\/wp-json\/wp\/v2\/pages\/19333","targetHints":{"allow":["GET"]}}],"collection":[{"href":"https:\/\/texpts.com\/es\/wp-json\/wp\/v2\/pages"}],"about":[{"href":"https:\/\/texpts.com\/es\/wp-json\/wp\/v2\/types\/page"}],"author":[{"embeddable":true,"href":"https:\/\/texpts.com\/es\/wp-json\/wp\/v2\/users\/6"}],"replies":[{"embeddable":true,"href":"https:\/\/texpts.com\/es\/wp-json\/wp\/v2\/comments?post=19333"}],"version-history":[{"count":0,"href":"https:\/\/texpts.com\/es\/wp-json\/wp\/v2\/pages\/19333\/revisions"}],"wp:attachment":[{"href":"https:\/\/texpts.com\/es\/wp-json\/wp\/v2\/media?parent=19333"}],"curies":[{"name":"wp","href":"https:\/\/api.w.org\/{rel}","templated":true}]}}